{"id":669,"date":"2019-03-19T15:11:25","date_gmt":"2019-03-19T15:11:25","guid":{"rendered":"http:\/\/eskuvosiofok.hu\/?page_id=669"},"modified":"2019-03-19T15:11:25","modified_gmt":"2019-03-19T15:11:25","slug":"adatkezelesi-szabalyzat","status":"publish","type":"page","link":"https:\/\/eskuvosiofok.hu\/en\/magyar-adatkezelesi-szabalyzat\/","title":{"rendered":"(Magyar) Adatkezel\u00e9si szab\u00e1lyzat"},"content":{"rendered":"<p class=\"qtranxs-available-languages-message qtranxs-available-languages-message-en\">Sorry, this entry is only available in <a href=\"https:\/\/eskuvosiofok.hu\/hu\/wp-json\/wp\/v2\/pages\/669\" class=\"qtranxs-available-language-link qtranxs-available-language-link-hu\" title=\"Magyar\">Hungarian<\/a>.<\/p>","protected":false},"excerpt":{"rendered":"<p>Sorry, this entry is only available in Hungarian.<\/p>\n","protected":false},"author":3,"featured_media":0,"parent":0,"menu_order":0,"comment_status":"closed","ping_status":"closed","template":"","meta":[],"yoast_head":"<!-- This site is optimized with the Yoast SEO plugin v15.9.1 - https:\/\/yoast.com\/wordpress\/plugins\/seo\/ -->\n<meta name=\"robots\" content=\"index, follow, max-snippet:-1, max-image-preview:large, max-video-preview:-1\" \/>\n<link rel=\"canonical\" href=\"https:\/\/eskuvosiofok.hu\/adatkezelesi-szabalyzat\/\" \/>\n<meta property=\"og:locale\" content=\"en_US\" \/>\n<meta property=\"og:type\" content=\"article\" \/>\n<meta property=\"og:title\" content=\"(Magyar) Adatkezel\u00e9si szab\u00e1lyzat - Si\u00f3fok Wedding Planning and Event Management\" \/>\n<meta property=\"og:description\" content=\"Sorry, this entry is only available in Hungarian.\" \/>\n<meta property=\"og:url\" content=\"https:\/\/eskuvosiofok.hu\/adatkezelesi-szabalyzat\/\" \/>\n<meta property=\"og:site_name\" content=\"Si\u00f3fok Wedding Planning and Event Management\" \/>\n<meta name=\"twitter:card\" content=\"summary_large_image\" \/>\n<meta name=\"twitter:label1\" content=\"Est. reading time\">\n\t<meta name=\"twitter:data1\" content=\"63 minutes\">\n<script type=\"application\/ld+json\" class=\"yoast-schema-graph\">{\"@context\":\"https:\/\/schema.org\",\"@graph\":[{\"@type\":\"WebSite\",\"@id\":\"https:\/\/eskuvosiofok.hu\/en\/#website\",\"url\":\"https:\/\/eskuvosiofok.hu\/en\/\",\"name\":\"Si\\u00f3fok Wedding Planning and Event Management\",\"description\":\"\",\"potentialAction\":[{\"@type\":\"SearchAction\",\"target\":\"https:\/\/eskuvosiofok.hu\/en\/?s={search_term_string}\",\"query-input\":\"required name=search_term_string\"}],\"inLanguage\":\"en-US\"},{\"@type\":\"WebPage\",\"@id\":\"https:\/\/eskuvosiofok.hu\/adatkezelesi-szabalyzat\/#webpage\",\"url\":\"https:\/\/eskuvosiofok.hu\/adatkezelesi-szabalyzat\/\",\"name\":\"(Magyar) Adatkezel\\u00e9si szab\\u00e1lyzat - Si\\u00f3fok Wedding Planning and Event Management\",\"isPartOf\":{\"@id\":\"https:\/\/eskuvosiofok.hu\/en\/#website\"},\"datePublished\":\"2019-03-19T15:11:25+00:00\",\"dateModified\":\"2019-03-19T15:11:25+00:00\",\"breadcrumb\":{\"@id\":\"https:\/\/eskuvosiofok.hu\/adatkezelesi-szabalyzat\/#breadcrumb\"},\"inLanguage\":\"en-US\",\"potentialAction\":[{\"@type\":\"ReadAction\",\"target\":[\"https:\/\/eskuvosiofok.hu\/adatkezelesi-szabalyzat\/\"]}]},{\"@type\":\"BreadcrumbList\",\"@id\":\"https:\/\/eskuvosiofok.hu\/adatkezelesi-szabalyzat\/#breadcrumb\",\"itemListElement\":[{\"@type\":\"ListItem\",\"position\":1,\"item\":{\"@type\":\"WebPage\",\"@id\":\"https:\/\/eskuvosiofok.hu\/\",\"url\":\"https:\/\/eskuvosiofok.hu\/\",\"name\":\"Home\"}},{\"@type\":\"ListItem\",\"position\":2,\"item\":{\"@type\":\"WebPage\",\"@id\":\"https:\/\/eskuvosiofok.hu\/adatkezelesi-szabalyzat\/\",\"url\":\"https:\/\/eskuvosiofok.hu\/adatkezelesi-szabalyzat\/\",\"name\":\"Adatkezel\\u00e9si szab\\u00e1lyzat\"}}]}]}<\/script>\n<!-- \/ Yoast SEO plugin. -->","_links":{"self":[{"href":"https:\/\/eskuvosiofok.hu\/en\/wp-json\/wp\/v2\/pages\/669"}],"collection":[{"href":"https:\/\/eskuvosiofok.hu\/en\/wp-json\/wp\/v2\/pages"}],"about":[{"href":"https:\/\/eskuvosiofok.hu\/en\/wp-json\/wp\/v2\/types\/page"}],"author":[{"embeddable":true,"href":"https:\/\/eskuvosiofok.hu\/en\/wp-json\/wp\/v2\/users\/3"}],"replies":[{"embeddable":true,"href":"https:\/\/eskuvosiofok.hu\/en\/wp-json\/wp\/v2\/comments?post=669"}],"version-history":[{"count":1,"href":"https:\/\/eskuvosiofok.hu\/en\/wp-json\/wp\/v2\/pages\/669\/revisions"}],"predecessor-version":[{"id":670,"href":"https:\/\/eskuvosiofok.hu\/en\/wp-json\/wp\/v2\/pages\/669\/revisions\/670"}],"wp:attachment":[{"href":"https:\/\/eskuvosiofok.hu\/en\/wp-json\/wp\/v2\/media?parent=669"}],"curies":[{"name":"wp","href":"https:\/\/api.w.org\/{rel}","templated":true}]}}