{"id":51,"date":"2015-02-19T15:40:42","date_gmt":"2015-02-19T15:40:42","guid":{"rendered":"http:\/\/eskuvosiofok.hu\/?page_id=51"},"modified":"2019-11-14T16:43:21","modified_gmt":"2019-11-14T16:43:21","slug":"bemutatkozas","status":"publish","type":"page","link":"https:\/\/eskuvosiofok.hu\/en\/about-us\/","title":{"rendered":"About us"},"content":{"rendered":"<p><img loading=\"lazy\" class=\"alignleft wp-image-53 size-full\" src=\"http:\/\/eskuvosiofok.hu\/wp-content\/uploads\/2015\/02\/timi.jpg\" alt=\"timi\" width=\"250\" height=\"376\" srcset=\"https:\/\/eskuvosiofok.hu\/wp-content\/uploads\/2015\/02\/timi.jpg 250w, https:\/\/eskuvosiofok.hu\/wp-content\/uploads\/2015\/02\/timi-199x300.jpg 199w\" sizes=\"(max-width: 250px) 100vw, 250px\" \/>My name&#8217;s T\u00edmea Sz\u0151k\u00e9n\u00e9 P\u00f6sz\u00e9r.<\/p>\n<p>I graduated as a catering manager first, then I got a degree in Tourism Economics and Management. I also studied event management.<\/p>\n<p>I ended up in a four-star hotel where I got an insight into different kinds of weddings. There I admired the most beautiful wedding decorations and accessories. However, I continued to work in catering for nearly eight years. I have learnt a lot of important things which I can use now. For example planning a menu , pairing drinks with food, table setting etc.<\/p>\n<p>Then I started to plan my own wedding, and\u00a0 better and better ideas were coming up. I spent really long hours planning, I wanted everything to be perfect for us.<\/p>\n<p>The idea and the inspiration that I would like to get involved in this wonderful job came after acknowledged professionals had complimented me on planning my own wedding. It dawned on me that I can make other people pleased as well.<\/p>\n<p>So I did a course in wedding planning and conference and cultural event management to be able to become a professional. I plan other people&#8217;s weddings like my own \u2013 with the same effort and enthusiasm; everything must be perfect \u2013 in other words \u2013 the dreams of each couple must come true.<\/p>\n<p>I&#8217;m a friendly, outgoing, smily, accurate, reliable, punctual, perfectionist person with empathy. Whatever I do I have my heart in it.<\/p>\n<p>This is the story of how I became a wedding planner and event organiser.<\/p>","protected":false},"excerpt":{"rendered":"<p>My name&#8217;s T\u00edmea Sz\u0151k\u00e9n\u00e9 P\u00f6sz\u00e9r. I graduated as a catering manager first, then I got a degree in Tourism Economics and Management. I also studied event management. I ended up in a four-star hotel where I got an insight into different kinds of weddings. There I admired the most beautiful wedding decorations and accessories. However, [&hellip;]<\/p>\n","protected":false},"author":1,"featured_media":0,"parent":0,"menu_order":0,"comment_status":"open","ping_status":"open","template":"page-sidebar.php","meta":[],"yoast_head":"<!-- This site is optimized with the Yoast SEO plugin v15.9.1 - https:\/\/yoast.com\/wordpress\/plugins\/seo\/ -->\n<meta name=\"robots\" content=\"index, follow, max-snippet:-1, max-image-preview:large, max-video-preview:-1\" \/>\n<link rel=\"canonical\" href=\"https:\/\/eskuvosiofok.hu\/en\/about-us\/\" \/>\n<meta property=\"og:locale\" content=\"en_US\" \/>\n<meta property=\"og:type\" content=\"article\" \/>\n<meta property=\"og:title\" content=\"About us - Si\u00f3fok Wedding Planning and Event Management\" \/>\n<meta property=\"og:description\" content=\"My name&#8217;s T\u00edmea Sz\u0151k\u00e9n\u00e9 P\u00f6sz\u00e9r. I graduated as a catering manager first, then I got a degree in Tourism Economics and Management. I also studied event management. I ended up in a four-star hotel where I got an insight into different kinds of weddings. There I admired the most beautiful wedding decorations and accessories. However, [&hellip;]\" \/>\n<meta property=\"og:url\" content=\"https:\/\/eskuvosiofok.hu\/en\/about-us\/\" \/>\n<meta property=\"og:site_name\" content=\"Si\u00f3fok Wedding Planning and Event Management\" \/>\n<meta property=\"article:modified_time\" content=\"2019-11-14T16:43:21+00:00\" \/>\n<meta property=\"og:image\" content=\"http:\/\/eskuvosiofok.hu\/wp-content\/uploads\/2015\/02\/timi-1.jpg\" \/>\n<meta name=\"twitter:card\" content=\"summary_large_image\" \/>\n<meta name=\"twitter:label1\" content=\"Est. reading time\">\n\t<meta name=\"twitter:data1\" content=\"4 minutes\">\n<script type=\"application\/ld+json\" class=\"yoast-schema-graph\">{\"@context\":\"https:\/\/schema.org\",\"@graph\":[{\"@type\":\"WebSite\",\"@id\":\"https:\/\/eskuvosiofok.hu\/en\/#website\",\"url\":\"https:\/\/eskuvosiofok.hu\/en\/\",\"name\":\"Si\\u00f3fok Wedding Planning and Event Management\",\"description\":\"\",\"potentialAction\":[{\"@type\":\"SearchAction\",\"target\":\"https:\/\/eskuvosiofok.hu\/en\/?s={search_term_string}\",\"query-input\":\"required name=search_term_string\"}],\"inLanguage\":\"en-US\"},{\"@type\":\"ImageObject\",\"@id\":\"https:\/\/eskuvosiofok.hu\/en\/about-us\/#primaryimage\",\"inLanguage\":\"en-US\",\"url\":\"http:\/\/eskuvosiofok.hu\/wp-content\/uploads\/2015\/02\/timi-1.jpg\"},{\"@type\":\"WebPage\",\"@id\":\"https:\/\/eskuvosiofok.hu\/en\/about-us\/#webpage\",\"url\":\"https:\/\/eskuvosiofok.hu\/en\/about-us\/\",\"name\":\"About us - Si\\u00f3fok Wedding Planning and Event Management\",\"isPartOf\":{\"@id\":\"https:\/\/eskuvosiofok.hu\/en\/#website\"},\"primaryImageOfPage\":{\"@id\":\"https:\/\/eskuvosiofok.hu\/en\/about-us\/#primaryimage\"},\"datePublished\":\"2015-02-19T15:40:42+00:00\",\"dateModified\":\"2019-11-14T16:43:21+00:00\",\"breadcrumb\":{\"@id\":\"https:\/\/eskuvosiofok.hu\/en\/about-us\/#breadcrumb\"},\"inLanguage\":\"en-US\",\"potentialAction\":[{\"@type\":\"ReadAction\",\"target\":[\"https:\/\/eskuvosiofok.hu\/en\/about-us\/\"]}]},{\"@type\":\"BreadcrumbList\",\"@id\":\"https:\/\/eskuvosiofok.hu\/en\/about-us\/#breadcrumb\",\"itemListElement\":[{\"@type\":\"ListItem\",\"position\":1,\"item\":{\"@type\":\"WebPage\",\"@id\":\"https:\/\/eskuvosiofok.hu\/\",\"url\":\"https:\/\/eskuvosiofok.hu\/\",\"name\":\"Home\"}},{\"@type\":\"ListItem\",\"position\":2,\"item\":{\"@type\":\"WebPage\",\"@id\":\"https:\/\/eskuvosiofok.hu\/en\/about-us\/\",\"url\":\"https:\/\/eskuvosiofok.hu\/en\/about-us\/\",\"name\":\"About us\"}}]}]}<\/script>\n<!-- \/ Yoast SEO plugin. -->","_links":{"self":[{"href":"https:\/\/eskuvosiofok.hu\/en\/wp-json\/wp\/v2\/pages\/51"}],"collection":[{"href":"https:\/\/eskuvosiofok.hu\/en\/wp-json\/wp\/v2\/pages"}],"about":[{"href":"https:\/\/eskuvosiofok.hu\/en\/wp-json\/wp\/v2\/types\/page"}],"author":[{"embeddable":true,"href":"https:\/\/eskuvosiofok.hu\/en\/wp-json\/wp\/v2\/users\/1"}],"replies":[{"embeddable":true,"href":"https:\/\/eskuvosiofok.hu\/en\/wp-json\/wp\/v2\/comments?post=51"}],"version-history":[{"count":14,"href":"https:\/\/eskuvosiofok.hu\/en\/wp-json\/wp\/v2\/pages\/51\/revisions"}],"predecessor-version":[{"id":870,"href":"https:\/\/eskuvosiofok.hu\/en\/wp-json\/wp\/v2\/pages\/51\/revisions\/870"}],"wp:attachment":[{"href":"https:\/\/eskuvosiofok.hu\/en\/wp-json\/wp\/v2\/media?parent=51"}],"curies":[{"name":"wp","href":"https:\/\/api.w.org\/{rel}","templated":true}]}}