{"id":904,"date":"2019-11-14T17:23:25","date_gmt":"2019-11-14T17:23:25","guid":{"rendered":"http:\/\/eskuvosiofok.hu\/?page_id=904"},"modified":"2019-11-14T17:23:25","modified_gmt":"2019-11-14T17:23:25","slug":"exkluziv-gombsator","status":"publish","type":"page","link":"https:\/\/eskuvosiofok.hu\/de\/magyar-exkluziv-gombsator\/","title":{"rendered":"(Magyar) Exkluz\u00edv g\u00f6mbs\u00e1tor"},"content":{"rendered":"<p class=\"qtranxs-available-languages-message qtranxs-available-languages-message-de\">Leider ist der Eintrag nur auf <a href=\"https:\/\/eskuvosiofok.hu\/hu\/wp-json\/wp\/v2\/pages\/904\" class=\"qtranxs-available-language-link qtranxs-available-language-link-hu\" title=\"Magyar\">Ungarisch<\/a> verf\u00fcgbar.<\/p>","protected":false},"excerpt":{"rendered":"<p>Leider ist der Eintrag nur auf Ungarisch verf\u00fcgbar.<\/p>\n","protected":false},"author":3,"featured_media":0,"parent":0,"menu_order":0,"comment_status":"closed","ping_status":"closed","template":"","meta":[],"yoast_head":"<!-- This site is optimized with the Yoast SEO plugin v15.9.1 - https:\/\/yoast.com\/wordpress\/plugins\/seo\/ -->\n<meta name=\"robots\" content=\"index, follow, max-snippet:-1, max-image-preview:large, max-video-preview:-1\" \/>\n<link rel=\"canonical\" href=\"https:\/\/eskuvosiofok.hu\/exkluziv-gombsator\/\" \/>\n<meta property=\"og:locale\" content=\"de_DE\" \/>\n<meta property=\"og:type\" content=\"article\" \/>\n<meta property=\"og:title\" content=\"(Magyar) Exkluz\u00edv g\u00f6mbs\u00e1tor - Si\u00f3fok Hochzeits- und Veranstaltungsorganisation\" \/>\n<meta property=\"og:description\" content=\"Leider ist der Eintrag nur auf Ungarisch verf\u00fcgbar.\" \/>\n<meta property=\"og:url\" content=\"https:\/\/eskuvosiofok.hu\/exkluziv-gombsator\/\" \/>\n<meta property=\"og:site_name\" content=\"Si\u00f3fok Hochzeits- und Veranstaltungsorganisation\" \/>\n<meta property=\"og:image\" content=\"https:\/\/eskuvosiofok.hu\/wp-content\/uploads\/2019\/11\/3-2-150x150.jpg\" \/>\n<meta name=\"twitter:card\" content=\"summary_large_image\" \/>\n<meta name=\"twitter:label1\" content=\"Gesch\u00e4tzte Lesezeit\">\n\t<meta name=\"twitter:data1\" content=\"1\u00a0Minute\">\n<script type=\"application\/ld+json\" class=\"yoast-schema-graph\">{\"@context\":\"https:\/\/schema.org\",\"@graph\":[{\"@type\":\"WebSite\",\"@id\":\"https:\/\/eskuvosiofok.hu\/en\/#website\",\"url\":\"https:\/\/eskuvosiofok.hu\/en\/\",\"name\":\"Si\\u00f3fok Hochzeits- und Veranstaltungsorganisation\",\"description\":\"\",\"potentialAction\":[{\"@type\":\"SearchAction\",\"target\":\"https:\/\/eskuvosiofok.hu\/en\/?s={search_term_string}\",\"query-input\":\"required name=search_term_string\"}],\"inLanguage\":\"de\"},{\"@type\":\"ImageObject\",\"@id\":\"https:\/\/eskuvosiofok.hu\/exkluziv-gombsator\/#primaryimage\",\"inLanguage\":\"de\",\"url\":\"http:\/\/eskuvosiofok.hu\/wp-content\/uploads\/2019\/11\/67072477_1141648062709849_7538881151784452096_n-300x300.jpg\"},{\"@type\":\"WebPage\",\"@id\":\"https:\/\/eskuvosiofok.hu\/exkluziv-gombsator\/#webpage\",\"url\":\"https:\/\/eskuvosiofok.hu\/exkluziv-gombsator\/\",\"name\":\"(Magyar) Exkluz\\u00edv g\\u00f6mbs\\u00e1tor - Si\\u00f3fok Hochzeits- und Veranstaltungsorganisation\",\"isPartOf\":{\"@id\":\"https:\/\/eskuvosiofok.hu\/en\/#website\"},\"primaryImageOfPage\":{\"@id\":\"https:\/\/eskuvosiofok.hu\/exkluziv-gombsator\/#primaryimage\"},\"datePublished\":\"2019-11-14T17:23:25+00:00\",\"dateModified\":\"2019-11-14T17:23:25+00:00\",\"breadcrumb\":{\"@id\":\"https:\/\/eskuvosiofok.hu\/exkluziv-gombsator\/#breadcrumb\"},\"inLanguage\":\"de\",\"potentialAction\":[{\"@type\":\"ReadAction\",\"target\":[\"https:\/\/eskuvosiofok.hu\/exkluziv-gombsator\/\"]}]},{\"@type\":\"BreadcrumbList\",\"@id\":\"https:\/\/eskuvosiofok.hu\/exkluziv-gombsator\/#breadcrumb\",\"itemListElement\":[{\"@type\":\"ListItem\",\"position\":1,\"item\":{\"@type\":\"WebPage\",\"@id\":\"https:\/\/eskuvosiofok.hu\/\",\"url\":\"https:\/\/eskuvosiofok.hu\/\",\"name\":\"Home\"}},{\"@type\":\"ListItem\",\"position\":2,\"item\":{\"@type\":\"WebPage\",\"@id\":\"https:\/\/eskuvosiofok.hu\/exkluziv-gombsator\/\",\"url\":\"https:\/\/eskuvosiofok.hu\/exkluziv-gombsator\/\",\"name\":\"Exkluz\\u00edv g\\u00f6mbs\\u00e1tor\"}}]}]}<\/script>\n<!-- \/ Yoast SEO plugin. -->","_links":{"self":[{"href":"https:\/\/eskuvosiofok.hu\/de\/wp-json\/wp\/v2\/pages\/904"}],"collection":[{"href":"https:\/\/eskuvosiofok.hu\/de\/wp-json\/wp\/v2\/pages"}],"about":[{"href":"https:\/\/eskuvosiofok.hu\/de\/wp-json\/wp\/v2\/types\/page"}],"author":[{"embeddable":true,"href":"https:\/\/eskuvosiofok.hu\/de\/wp-json\/wp\/v2\/users\/3"}],"replies":[{"embeddable":true,"href":"https:\/\/eskuvosiofok.hu\/de\/wp-json\/wp\/v2\/comments?post=904"}],"version-history":[{"count":1,"href":"https:\/\/eskuvosiofok.hu\/de\/wp-json\/wp\/v2\/pages\/904\/revisions"}],"predecessor-version":[{"id":911,"href":"https:\/\/eskuvosiofok.hu\/de\/wp-json\/wp\/v2\/pages\/904\/revisions\/911"}],"wp:attachment":[{"href":"https:\/\/eskuvosiofok.hu\/de\/wp-json\/wp\/v2\/media?parent=904"}],"curies":[{"name":"wp","href":"https:\/\/api.w.org\/{rel}","templated":true}]}}