{"id":56,"date":"2015-02-19T15:46:38","date_gmt":"2015-02-19T15:46:38","guid":{"rendered":"http:\/\/eskuvosiofok.hu\/?page_id=56"},"modified":"2019-11-14T16:49:22","modified_gmt":"2019-11-14T16:49:22","slug":"miert-fontos-a-szakember","status":"publish","type":"page","link":"https:\/\/eskuvosiofok.hu\/de\/warum-ist-die-fachfrau-so-wichtig\/","title":{"rendered":"Warum ist die Fachfrau so wichtig?"},"content":{"rendered":"<p><div id=\"attachment_85\" style=\"width: 310px\" class=\"wp-caption alignright\"><img aria-describedby=\"caption-attachment-85\" loading=\"lazy\" class=\"wp-image-85 size-medium\" src=\"http:\/\/eskuvosiofok.hu\/wp-content\/uploads\/2015\/02\/florance-viraguzlet-v1-300x201.jpg\" alt=\"Florance Vir\u00e1g\u00fczlet V\" width=\"300\" height=\"201\" srcset=\"https:\/\/eskuvosiofok.hu\/wp-content\/uploads\/2015\/02\/florance-viraguzlet-v1-300x201.jpg 300w, https:\/\/eskuvosiofok.hu\/wp-content\/uploads\/2015\/02\/florance-viraguzlet-v1.jpg 960w\" sizes=\"(max-width: 300px) 100vw, 300px\" \/><p id=\"caption-attachment-85\" class=\"wp-caption-text\">Florance Vir\u00e1g\u00fczlet<\/p><\/div><\/p>\n<p>Heutzutage gilt der Hochzeitsplaner als kein Luxus.Ich k\u00f6nnte es damit vergleichen, wenn man ein Auto nicht verkaufen kann, da man n\u00e4mlich keinen Kontakt hat oder im Thema nicht bewandert ist, dann wendet man sich an einen Autoh\u00e4ndler, damit er das Auto verkauft.<\/p>\n<p>Heute ist diese Dienstleistung f\u00fcr alle erreichbar, bezahlbar.<\/p>\n<p>Es ist sehr wichtig, an dem Gro\u00dfen Tag jemanden dort zu haben, der auf die Kleinigkeiten achtet und die Angelegenheiten betreut. Dieser Tag ist n\u00e4mlich der wichtigste Tag unseres Lebens, von dem die meisten Frauen siet ihrer Kindheit tr\u00e4umen, deshalb ist es sehr wichtig, dass der Gro\u00dfe Tag perfekt ist. Er soll so aussehen, wie er getr\u00e4umt worden ist.<\/p>\n<p>Der Hochzeitsplaner plant die vollkommene Hochzeit mit Euch zusammen,Euren Anspr\u00fcchen entsprechend. Mit Anbietern kooperiert, die f\u00fcr Euch sind und eine zuverl\u00e4ssige , hochwertige Arbeit durchf\u00fchren.<\/p>\n<p><strong>Man hat immer einen Plan \u201eB\u201d.<\/strong><\/p>\n<p>Hast du keine Ahnung, wie du anfangen sollst?Kennst du die zuverl\u00e4ssigen Anbieter nicht?Hattest du die Nase voll mit der stundenlangen L\u00e4uferei, mit den Telefonaten,mit der E-Mail-Korrespondenz , Entt\u00e4uschungen, Fehlgriffen?Hast du keine Zeit oder arbeitest du im Ausland? Hast du eventuell Sehnsucht auf etwas Besonderes oder Einzigartiges?In diesem Fall ist der Hochzeitsplaner\u00a0 dir herausgefunden worden.<\/p>\n<p>Der Hochzeitsplaner arbeitet daran, dass alles hundertproeznetig euren W\u00fcnschen erf\u00fcllt.<\/p>\n<p>Eine Menge von den Anbietern f\u00fcr Hochzeit ist auf dem Markt,trotzdem ist es schwierig , ohne Erfahrung eine gute Entscheidung getroffen zu werden.<\/p>\n<p>Wenn man schon einen festen Termin hat, muss mit der Organisation gleich angefangen werden.Wenn das Paar einen einzigartigen,spektakul\u00e4ren, geilen, unvergesslichen Schauplatz haben m\u00f6chte, dann muss er rechtzeitig \u2013mindestens ein Jahr fr\u00fcher- abgebucht werden.Der Hochzeitsplaner ist sich im Klaren \u00fcber die Reihenfolge-was muss also rehctzeitig gebucht werden?Er empfiehlt nur die zuverl\u00e4ssigen\u00a0 Dienstleister.<\/p>\n<p><strong>Was braucht das gl\u00fcckliche Paar zu einer perfekten Hochzeit?<\/strong><\/p>\n<ul>\n<li>ein gl\u00fcckliches Paar<\/li>\n<li>gr\u00fcndliche Planung<\/li>\n<li>einen wundersch\u00f6nen Schauplatz<\/li>\n<li>hochwertige, zuverl\u00e4ssige Anbieter<\/li>\n<li>einen Hochzeitsplaner<\/li>\n<\/ul>\n<p>&nbsp;<\/p>","protected":false},"excerpt":{"rendered":"<p>Heutzutage gilt der Hochzeitsplaner als kein Luxus.Ich k\u00f6nnte es damit vergleichen, wenn man ein Auto nicht verkaufen kann, da man n\u00e4mlich keinen Kontakt hat oder im Thema nicht bewandert ist, dann wendet man sich an einen Autoh\u00e4ndler, damit er das Auto verkauft. Heute ist diese Dienstleistung f\u00fcr alle erreichbar, bezahlbar. Es ist sehr wichtig, an [&hellip;]<\/p>\n","protected":false},"author":1,"featured_media":0,"parent":0,"menu_order":0,"comment_status":"open","ping_status":"open","template":"page-sidebar.php","meta":[],"yoast_head":"<!-- This site is optimized with the Yoast SEO plugin v15.9.1 - https:\/\/yoast.com\/wordpress\/plugins\/seo\/ -->\n<meta name=\"robots\" content=\"index, follow, max-snippet:-1, max-image-preview:large, max-video-preview:-1\" \/>\n<link rel=\"canonical\" href=\"https:\/\/eskuvosiofok.hu\/en\/why-to-hire-a-professional\/\" \/>\n<meta property=\"og:locale\" content=\"de_DE\" \/>\n<meta property=\"og:type\" content=\"article\" \/>\n<meta property=\"og:title\" content=\"Warum ist die Fachfrau so wichtig? - Si\u00f3fok Hochzeits- und Veranstaltungsorganisation\" \/>\n<meta property=\"og:description\" content=\"Heutzutage gilt der Hochzeitsplaner als kein Luxus.Ich k\u00f6nnte es damit vergleichen, wenn man ein Auto nicht verkaufen kann, da man n\u00e4mlich keinen Kontakt hat oder im Thema nicht bewandert ist, dann wendet man sich an einen Autoh\u00e4ndler, damit er das Auto verkauft. Heute ist diese Dienstleistung f\u00fcr alle erreichbar, bezahlbar. Es ist sehr wichtig, an [&hellip;]\" \/>\n<meta property=\"og:url\" content=\"https:\/\/eskuvosiofok.hu\/en\/why-to-hire-a-professional\/\" \/>\n<meta property=\"og:site_name\" content=\"Si\u00f3fok Hochzeits- und Veranstaltungsorganisation\" \/>\n<meta property=\"article:modified_time\" content=\"2019-11-14T16:49:22+00:00\" \/>\n<meta property=\"og:image\" content=\"http:\/\/eskuvosiofok.hu\/wp-content\/uploads\/2015\/02\/fontos-a-szakember-300x200.jpg\" \/>\n<meta name=\"twitter:card\" content=\"summary_large_image\" \/>\n<meta name=\"twitter:label1\" content=\"Gesch\u00e4tzte Lesezeit\">\n\t<meta name=\"twitter:data1\" content=\"5\u00a0Minuten\">\n<script type=\"application\/ld+json\" class=\"yoast-schema-graph\">{\"@context\":\"https:\/\/schema.org\",\"@graph\":[{\"@type\":\"WebSite\",\"@id\":\"https:\/\/eskuvosiofok.hu\/en\/#website\",\"url\":\"https:\/\/eskuvosiofok.hu\/en\/\",\"name\":\"Si\\u00f3fok Hochzeits- und Veranstaltungsorganisation\",\"description\":\"\",\"potentialAction\":[{\"@type\":\"SearchAction\",\"target\":\"https:\/\/eskuvosiofok.hu\/en\/?s={search_term_string}\",\"query-input\":\"required name=search_term_string\"}],\"inLanguage\":\"de\"},{\"@type\":\"ImageObject\",\"@id\":\"https:\/\/eskuvosiofok.hu\/en\/why-to-hire-a-professional\/#primaryimage\",\"inLanguage\":\"de\",\"url\":\"http:\/\/eskuvosiofok.hu\/wp-content\/uploads\/2015\/02\/fontos-a-szakember-300x200.jpg\"},{\"@type\":\"WebPage\",\"@id\":\"https:\/\/eskuvosiofok.hu\/en\/why-to-hire-a-professional\/#webpage\",\"url\":\"https:\/\/eskuvosiofok.hu\/en\/why-to-hire-a-professional\/\",\"name\":\"Warum ist die Fachfrau so wichtig? - Si\\u00f3fok Hochzeits- und Veranstaltungsorganisation\",\"isPartOf\":{\"@id\":\"https:\/\/eskuvosiofok.hu\/en\/#website\"},\"primaryImageOfPage\":{\"@id\":\"https:\/\/eskuvosiofok.hu\/en\/why-to-hire-a-professional\/#primaryimage\"},\"datePublished\":\"2015-02-19T15:46:38+00:00\",\"dateModified\":\"2019-11-14T16:49:22+00:00\",\"breadcrumb\":{\"@id\":\"https:\/\/eskuvosiofok.hu\/en\/why-to-hire-a-professional\/#breadcrumb\"},\"inLanguage\":\"de\",\"potentialAction\":[{\"@type\":\"ReadAction\",\"target\":[\"https:\/\/eskuvosiofok.hu\/en\/why-to-hire-a-professional\/\"]}]},{\"@type\":\"BreadcrumbList\",\"@id\":\"https:\/\/eskuvosiofok.hu\/en\/why-to-hire-a-professional\/#breadcrumb\",\"itemListElement\":[{\"@type\":\"ListItem\",\"position\":1,\"item\":{\"@type\":\"WebPage\",\"@id\":\"https:\/\/eskuvosiofok.hu\/\",\"url\":\"https:\/\/eskuvosiofok.hu\/\",\"name\":\"Home\"}},{\"@type\":\"ListItem\",\"position\":2,\"item\":{\"@type\":\"WebPage\",\"@id\":\"https:\/\/eskuvosiofok.hu\/en\/why-to-hire-a-professional\/\",\"url\":\"https:\/\/eskuvosiofok.hu\/en\/why-to-hire-a-professional\/\",\"name\":\"Why to hire a professional?\"}}]}]}<\/script>\n<!-- \/ Yoast SEO plugin. -->","_links":{"self":[{"href":"https:\/\/eskuvosiofok.hu\/de\/wp-json\/wp\/v2\/pages\/56"}],"collection":[{"href":"https:\/\/eskuvosiofok.hu\/de\/wp-json\/wp\/v2\/pages"}],"about":[{"href":"https:\/\/eskuvosiofok.hu\/de\/wp-json\/wp\/v2\/types\/page"}],"author":[{"embeddable":true,"href":"https:\/\/eskuvosiofok.hu\/de\/wp-json\/wp\/v2\/users\/1"}],"replies":[{"embeddable":true,"href":"https:\/\/eskuvosiofok.hu\/de\/wp-json\/wp\/v2\/comments?post=56"}],"version-history":[{"count":12,"href":"https:\/\/eskuvosiofok.hu\/de\/wp-json\/wp\/v2\/pages\/56\/revisions"}],"predecessor-version":[{"id":876,"href":"https:\/\/eskuvosiofok.hu\/de\/wp-json\/wp\/v2\/pages\/56\/revisions\/876"}],"wp:attachment":[{"href":"https:\/\/eskuvosiofok.hu\/de\/wp-json\/wp\/v2\/media?parent=56"}],"curies":[{"name":"wp","href":"https:\/\/api.w.org\/{rel}","templated":true}]}}