{"id":51,"date":"2015-02-19T15:40:42","date_gmt":"2015-02-19T15:40:42","guid":{"rendered":"http:\/\/eskuvosiofok.hu\/?page_id=51"},"modified":"2019-11-14T16:43:21","modified_gmt":"2019-11-14T16:43:21","slug":"bemutatkozas","status":"publish","type":"page","link":"https:\/\/eskuvosiofok.hu\/de\/vorstellung\/","title":{"rendered":"Vorstellung"},"content":{"rendered":"<p><img loading=\"lazy\" class=\"alignleft wp-image-53 size-full\" src=\"http:\/\/eskuvosiofok.hu\/wp-content\/uploads\/2015\/02\/timi.jpg\" alt=\"timi\" width=\"250\" height=\"376\" srcset=\"https:\/\/eskuvosiofok.hu\/wp-content\/uploads\/2015\/02\/timi.jpg 250w, https:\/\/eskuvosiofok.hu\/wp-content\/uploads\/2015\/02\/timi-199x300.jpg 199w\" sizes=\"(max-width: 250px) 100vw, 250px\" \/><\/p>\n<p>Ich hei\u00dfe T\u00edmea P\u00f6sz\u00e9r-Sz\u0151ke.Ich habe mein Studium als Fachmanager f\u00fcr Gastronomie abgeschlossen, dann habe ich meine Studien an der Hochschule fortgesetzt und ich habe als \u00d6konom f\u00fcr Gastronomie und Tourismus absolviert.Hier habe ich auch Eventmanagement studiert, dann bin ich in die Welt eines 4-Sterne-Hotels geraten.Ich hatte M\u00f6glichkeit, verschiedene Arten von Hochzeiten zu erblicken.Da habe ich auch die herrlichen und herrlicheren Hochzeitsdekorationen und Zubeh\u00f6re, dann habe ich noch fast acht Jahre in der Gastronomie gearbeitet.Ich habe viele n\u00fctzliche Dinge erfahren, die ich auch bis heute anwenden kann.Zum Beispiel: die Men\u00fcreihe,die dazu passenden Getr\u00e4nke, das Platzdeckchen usw.Danac habe ich begonnen, meine eigene Hochzeit zu organisieren; immer bessere Ideen sind hervorgekommen. Ich habe lange Zeit mit der Organisation verbracht, damit alles f\u00fcr uns perfekt ist.Ich habe die Lobe von den in ihrer Branche anerkannten Anbietern bekommen. Das hat mich dazu inspiriert, sich mit diesem wundersch\u00f6nen Beruf zu besch\u00e4ftigen, anderen Spa\u00df zu machen.Da habe ich einen Lehrgang f\u00fcr Hochzeitsplaner, Konferenz und Events bestanden, um w\u00fcrdig\u00a0 dieses Berufs zu sein.Ich organisere die Hochzeit von anderen wie meine, mit dieselber Energie und Begeisterung, damit alles vollkommen ist. Es soll den Anspr\u00fcchen des Ehepaares entsprechen.<\/p>\n<p>Ich bin eine freundliche, kontaktfreudige, l\u00e4chelnde Frau.Au\u00dferdem bin ich korrekt, pr\u00e4zis,genau,zuverl\u00e4ssig und empatisch.<\/p>\n<p>Wozu ich mich verpflichte, mache ich das mit Herz und Hand.<\/p>\n<p>Auf dieser Weise wurde ich Hochzeitsplanerin \u2013und Eventmanagerin.<\/p>","protected":false},"excerpt":{"rendered":"<p>Ich hei\u00dfe T\u00edmea P\u00f6sz\u00e9r-Sz\u0151ke.Ich habe mein Studium als Fachmanager f\u00fcr Gastronomie abgeschlossen, dann habe ich meine Studien an der Hochschule fortgesetzt und ich habe als \u00d6konom f\u00fcr Gastronomie und Tourismus absolviert.Hier habe ich auch Eventmanagement studiert, dann bin ich in die Welt eines 4-Sterne-Hotels geraten.Ich hatte M\u00f6glichkeit, verschiedene Arten von Hochzeiten zu erblicken.Da habe ich [&hellip;]<\/p>\n","protected":false},"author":1,"featured_media":0,"parent":0,"menu_order":0,"comment_status":"open","ping_status":"open","template":"page-sidebar.php","meta":[],"yoast_head":"<!-- This site is optimized with the Yoast SEO plugin v15.9.1 - https:\/\/yoast.com\/wordpress\/plugins\/seo\/ -->\n<meta name=\"robots\" content=\"index, follow, max-snippet:-1, max-image-preview:large, max-video-preview:-1\" \/>\n<link rel=\"canonical\" href=\"https:\/\/eskuvosiofok.hu\/en\/about-us\/\" \/>\n<meta property=\"og:locale\" content=\"de_DE\" \/>\n<meta property=\"og:type\" content=\"article\" \/>\n<meta property=\"og:title\" content=\"Vorstellung - Si\u00f3fok Hochzeits- und Veranstaltungsorganisation\" \/>\n<meta property=\"og:description\" content=\"Ich hei\u00dfe T\u00edmea P\u00f6sz\u00e9r-Sz\u0151ke.Ich habe mein Studium als Fachmanager f\u00fcr Gastronomie abgeschlossen, dann habe ich meine Studien an der Hochschule fortgesetzt und ich habe als \u00d6konom f\u00fcr Gastronomie und Tourismus absolviert.Hier habe ich auch Eventmanagement studiert, dann bin ich in die Welt eines 4-Sterne-Hotels geraten.Ich hatte M\u00f6glichkeit, verschiedene Arten von Hochzeiten zu erblicken.Da habe ich [&hellip;]\" \/>\n<meta property=\"og:url\" content=\"https:\/\/eskuvosiofok.hu\/en\/about-us\/\" \/>\n<meta property=\"og:site_name\" content=\"Si\u00f3fok Hochzeits- und Veranstaltungsorganisation\" \/>\n<meta property=\"article:modified_time\" content=\"2019-11-14T16:43:21+00:00\" \/>\n<meta property=\"og:image\" content=\"http:\/\/eskuvosiofok.hu\/wp-content\/uploads\/2015\/02\/timi-1.jpg\" \/>\n<meta name=\"twitter:card\" content=\"summary_large_image\" \/>\n<meta name=\"twitter:label1\" content=\"Gesch\u00e4tzte Lesezeit\">\n\t<meta name=\"twitter:data1\" content=\"4\u00a0Minuten\">\n<script type=\"application\/ld+json\" class=\"yoast-schema-graph\">{\"@context\":\"https:\/\/schema.org\",\"@graph\":[{\"@type\":\"WebSite\",\"@id\":\"https:\/\/eskuvosiofok.hu\/en\/#website\",\"url\":\"https:\/\/eskuvosiofok.hu\/en\/\",\"name\":\"Si\\u00f3fok Hochzeits- und Veranstaltungsorganisation\",\"description\":\"\",\"potentialAction\":[{\"@type\":\"SearchAction\",\"target\":\"https:\/\/eskuvosiofok.hu\/en\/?s={search_term_string}\",\"query-input\":\"required name=search_term_string\"}],\"inLanguage\":\"de\"},{\"@type\":\"ImageObject\",\"@id\":\"https:\/\/eskuvosiofok.hu\/en\/about-us\/#primaryimage\",\"inLanguage\":\"de\",\"url\":\"http:\/\/eskuvosiofok.hu\/wp-content\/uploads\/2015\/02\/timi-1.jpg\"},{\"@type\":\"WebPage\",\"@id\":\"https:\/\/eskuvosiofok.hu\/en\/about-us\/#webpage\",\"url\":\"https:\/\/eskuvosiofok.hu\/en\/about-us\/\",\"name\":\"Vorstellung - Si\\u00f3fok Hochzeits- und Veranstaltungsorganisation\",\"isPartOf\":{\"@id\":\"https:\/\/eskuvosiofok.hu\/en\/#website\"},\"primaryImageOfPage\":{\"@id\":\"https:\/\/eskuvosiofok.hu\/en\/about-us\/#primaryimage\"},\"datePublished\":\"2015-02-19T15:40:42+00:00\",\"dateModified\":\"2019-11-14T16:43:21+00:00\",\"breadcrumb\":{\"@id\":\"https:\/\/eskuvosiofok.hu\/en\/about-us\/#breadcrumb\"},\"inLanguage\":\"de\",\"potentialAction\":[{\"@type\":\"ReadAction\",\"target\":[\"https:\/\/eskuvosiofok.hu\/en\/about-us\/\"]}]},{\"@type\":\"BreadcrumbList\",\"@id\":\"https:\/\/eskuvosiofok.hu\/en\/about-us\/#breadcrumb\",\"itemListElement\":[{\"@type\":\"ListItem\",\"position\":1,\"item\":{\"@type\":\"WebPage\",\"@id\":\"https:\/\/eskuvosiofok.hu\/\",\"url\":\"https:\/\/eskuvosiofok.hu\/\",\"name\":\"Home\"}},{\"@type\":\"ListItem\",\"position\":2,\"item\":{\"@type\":\"WebPage\",\"@id\":\"https:\/\/eskuvosiofok.hu\/en\/about-us\/\",\"url\":\"https:\/\/eskuvosiofok.hu\/en\/about-us\/\",\"name\":\"About us\"}}]}]}<\/script>\n<!-- \/ Yoast SEO plugin. -->","_links":{"self":[{"href":"https:\/\/eskuvosiofok.hu\/de\/wp-json\/wp\/v2\/pages\/51"}],"collection":[{"href":"https:\/\/eskuvosiofok.hu\/de\/wp-json\/wp\/v2\/pages"}],"about":[{"href":"https:\/\/eskuvosiofok.hu\/de\/wp-json\/wp\/v2\/types\/page"}],"author":[{"embeddable":true,"href":"https:\/\/eskuvosiofok.hu\/de\/wp-json\/wp\/v2\/users\/1"}],"replies":[{"embeddable":true,"href":"https:\/\/eskuvosiofok.hu\/de\/wp-json\/wp\/v2\/comments?post=51"}],"version-history":[{"count":14,"href":"https:\/\/eskuvosiofok.hu\/de\/wp-json\/wp\/v2\/pages\/51\/revisions"}],"predecessor-version":[{"id":870,"href":"https:\/\/eskuvosiofok.hu\/de\/wp-json\/wp\/v2\/pages\/51\/revisions\/870"}],"wp:attachment":[{"href":"https:\/\/eskuvosiofok.hu\/de\/wp-json\/wp\/v2\/media?parent=51"}],"curies":[{"name":"wp","href":"https:\/\/api.w.org\/{rel}","templated":true}]}}