{"id":38,"date":"2015-02-19T15:24:38","date_gmt":"2015-02-19T15:24:38","guid":{"rendered":"http:\/\/eskuvosiofok.hu\/?page_id=38"},"modified":"2019-12-10T16:56:57","modified_gmt":"2019-12-10T16:56:57","slug":"szolgaltatasok","status":"publish","type":"page","link":"https:\/\/eskuvosiofok.hu\/de\/services\/","title":{"rendered":"Services"},"content":{"rendered":"<p><div id=\"attachment_87\" style=\"width: 412px\" class=\"wp-caption alignright\"><img aria-describedby=\"caption-attachment-87\" loading=\"lazy\" class=\" wp-image-87\" src=\"http:\/\/eskuvosiofok.hu\/wp-content\/uploads\/2015\/02\/gi-szalon-balatonboglar-300x300.jpg\" alt=\"\" width=\"402\" height=\"402\" srcset=\"https:\/\/eskuvosiofok.hu\/wp-content\/uploads\/2015\/02\/gi-szalon-balatonboglar-300x300.jpg 300w, https:\/\/eskuvosiofok.hu\/wp-content\/uploads\/2015\/02\/gi-szalon-balatonboglar-150x150.jpg 150w, https:\/\/eskuvosiofok.hu\/wp-content\/uploads\/2015\/02\/gi-szalon-balatonboglar.jpg 704w\" sizes=\"(max-width: 402px) 100vw, 402px\" \/><p id=\"caption-attachment-87\" class=\"wp-caption-text\">\u00c1gi Szalon Balatonbogl\u00e1r<\/p><\/div><\/p>\n<p>Die Organisation einer Hochzeit ist eine mehrere Monate lang dauernde Arbeit: eine Menge L\u00e4uferei, Telefonate, E-Mail-Korrespondenz.Wir entlasten euch, wir erledigen all dies statt euch, ihr braucht die f\u00fcnf-sechs Pl\u00e4tze einzeln nicht durchzuziehen.Wir nehmen eure Anspr\u00fcche auf und geben einen Kostenvoranschlag.<\/p>\n<p><strong>Vom Einfachen bis zum Luxus&#8230;<\/strong><\/p>\n<ul>\n<li>Schauplatz<\/li>\n<li>Dekortaion, Bouquet,Brautstrau\u00df zum Werfen,Autoschmuck, Schnittblumen in die Kirche<\/li>\n<li>Musikband<\/li>\n<li>DJ<\/li>\n<li>ein Budgetplan zur Hochzeit<\/li>\n<li>die Abschlie\u00dfung der Vertr\u00e4ge<\/li>\n<li>Drehbuch<\/li>\n<li>Angebote zur Speisekarte und Getr\u00e4nkekarte zusammenstellen<\/li>\n<li>Hochzeitseinladung, Men\u00fckarten, Tischkarten zur Sitzordnung<\/li>\n<li>Hochzeitsfotografer<\/li>\n<li>Hochzeitsfilmer<\/li>\n<li>Make-up f\u00fcr die Braut<\/li>\n<li>Nageldesigner<\/li>\n<li>Hochzeitstanz unterrichten<\/li>\n<li>Brautkleid und Kleid zur Hochzeit mieten<\/li>\n<li>Limousine mieten<\/li>\n<li>Kutschemiete<\/li>\n<li>Hochzeitstorte, Hochzeitskuchen<\/li>\n<li>Gastgeschenke<\/li>\n<li>Hochzeitszeremonie: Tauben oder Schmetterlinge fliegen lassen<\/li>\n<li>Cocktailbar<\/li>\n<li>Schokobrunnen<\/li>\n<li>Minibus: G\u00e4ste mit Fahrer transportieren<\/li>\n<li>Unterkunft: Unterbringung der G\u00e4ste<\/li>\n<li>wenn du noch eventuell einen besonderen Wunsch h\u00e4ttest, schlagen wir nach und tun alles, um den verwirklichen zu k\u00f6nnen.<\/li>\n<\/ul>\n<p><strong>Wir unternehmen noch:<\/strong><\/p>\n<ul>\n<li>Verlobungsparty<\/li>\n<li>Polterabend<\/li>\n<li>Tauffest<\/li>\n<li>Klassentreffen<\/li>\n<li>Geburtstag<\/li>\n<li>Hochzeitstag<\/li>\n<li>Abschiedsfest\/Valediktion<\/li>\n<li>Abschlussparty f\u00fcr Firmen<\/li>\n<\/ul>\n<p><\/p>","protected":false},"excerpt":{"rendered":"<p>Die Organisation einer Hochzeit ist eine mehrere Monate lang dauernde Arbeit: eine Menge L\u00e4uferei, Telefonate, E-Mail-Korrespondenz.Wir entlasten euch, wir erledigen all dies statt euch, ihr braucht die f\u00fcnf-sechs Pl\u00e4tze einzeln nicht durchzuziehen.Wir nehmen eure Anspr\u00fcche auf und geben einen Kostenvoranschlag. Vom Einfachen bis zum Luxus&#8230; Schauplatz Dekortaion, Bouquet,Brautstrau\u00df zum Werfen,Autoschmuck, Schnittblumen in die Kirche Musikband [&hellip;]<\/p>\n","protected":false},"author":1,"featured_media":0,"parent":0,"menu_order":0,"comment_status":"open","ping_status":"open","template":"page-sidebar.php","meta":[],"yoast_head":"<!-- This site is optimized with the Yoast SEO plugin v15.9.1 - https:\/\/yoast.com\/wordpress\/plugins\/seo\/ -->\n<meta name=\"robots\" content=\"index, follow, max-snippet:-1, max-image-preview:large, max-video-preview:-1\" \/>\n<link rel=\"canonical\" href=\"https:\/\/eskuvosiofok.hu\/szolgaltatasok\/\" \/>\n<meta property=\"og:locale\" content=\"de_DE\" \/>\n<meta property=\"og:type\" content=\"article\" \/>\n<meta property=\"og:title\" content=\"Services - Si\u00f3fok Hochzeits- und Veranstaltungsorganisation\" \/>\n<meta property=\"og:description\" content=\"Die Organisation einer Hochzeit ist eine mehrere Monate lang dauernde Arbeit: eine Menge L\u00e4uferei, Telefonate, E-Mail-Korrespondenz.Wir entlasten euch, wir erledigen all dies statt euch, ihr braucht die f\u00fcnf-sechs Pl\u00e4tze einzeln nicht durchzuziehen.Wir nehmen eure Anspr\u00fcche auf und geben einen Kostenvoranschlag. Vom Einfachen bis zum Luxus&#8230; Schauplatz Dekortaion, Bouquet,Brautstrau\u00df zum Werfen,Autoschmuck, Schnittblumen in die Kirche Musikband [&hellip;]\" \/>\n<meta property=\"og:url\" content=\"https:\/\/eskuvosiofok.hu\/szolgaltatasok\/\" \/>\n<meta property=\"og:site_name\" content=\"Si\u00f3fok Hochzeits- und Veranstaltungsorganisation\" \/>\n<meta property=\"article:modified_time\" content=\"2019-12-10T16:56:57+00:00\" \/>\n<meta property=\"og:image\" content=\"http:\/\/eskuvosiofok.hu\/wp-content\/uploads\/2015\/02\/eskuvo-szervezes.jpg\" \/>\n<meta name=\"twitter:card\" content=\"summary_large_image\" \/>\n<meta name=\"twitter:label1\" content=\"Gesch\u00e4tzte Lesezeit\">\n\t<meta name=\"twitter:data1\" content=\"3\u00a0Minuten\">\n<script type=\"application\/ld+json\" class=\"yoast-schema-graph\">{\"@context\":\"https:\/\/schema.org\",\"@graph\":[{\"@type\":\"WebSite\",\"@id\":\"https:\/\/eskuvosiofok.hu\/en\/#website\",\"url\":\"https:\/\/eskuvosiofok.hu\/en\/\",\"name\":\"Si\\u00f3fok Hochzeits- und Veranstaltungsorganisation\",\"description\":\"\",\"potentialAction\":[{\"@type\":\"SearchAction\",\"target\":\"https:\/\/eskuvosiofok.hu\/en\/?s={search_term_string}\",\"query-input\":\"required name=search_term_string\"}],\"inLanguage\":\"de\"},{\"@type\":\"ImageObject\",\"@id\":\"https:\/\/eskuvosiofok.hu\/szolgaltatasok\/#primaryimage\",\"inLanguage\":\"de\",\"url\":\"http:\/\/eskuvosiofok.hu\/wp-content\/uploads\/2015\/02\/eskuvo-szervezes.jpg\"},{\"@type\":\"WebPage\",\"@id\":\"https:\/\/eskuvosiofok.hu\/szolgaltatasok\/#webpage\",\"url\":\"https:\/\/eskuvosiofok.hu\/szolgaltatasok\/\",\"name\":\"Services - Si\\u00f3fok Hochzeits- und Veranstaltungsorganisation\",\"isPartOf\":{\"@id\":\"https:\/\/eskuvosiofok.hu\/en\/#website\"},\"primaryImageOfPage\":{\"@id\":\"https:\/\/eskuvosiofok.hu\/szolgaltatasok\/#primaryimage\"},\"datePublished\":\"2015-02-19T15:24:38+00:00\",\"dateModified\":\"2019-12-10T16:56:57+00:00\",\"breadcrumb\":{\"@id\":\"https:\/\/eskuvosiofok.hu\/szolgaltatasok\/#breadcrumb\"},\"inLanguage\":\"de\",\"potentialAction\":[{\"@type\":\"ReadAction\",\"target\":[\"https:\/\/eskuvosiofok.hu\/szolgaltatasok\/\"]}]},{\"@type\":\"BreadcrumbList\",\"@id\":\"https:\/\/eskuvosiofok.hu\/szolgaltatasok\/#breadcrumb\",\"itemListElement\":[{\"@type\":\"ListItem\",\"position\":1,\"item\":{\"@type\":\"WebPage\",\"@id\":\"https:\/\/eskuvosiofok.hu\/\",\"url\":\"https:\/\/eskuvosiofok.hu\/\",\"name\":\"Home\"}},{\"@type\":\"ListItem\",\"position\":2,\"item\":{\"@type\":\"WebPage\",\"@id\":\"https:\/\/eskuvosiofok.hu\/szolgaltatasok\/\",\"url\":\"https:\/\/eskuvosiofok.hu\/szolgaltatasok\/\",\"name\":\"Szolg\\u00e1ltat\\u00e1sok\"}}]}]}<\/script>\n<!-- \/ Yoast SEO plugin. -->","_links":{"self":[{"href":"https:\/\/eskuvosiofok.hu\/de\/wp-json\/wp\/v2\/pages\/38"}],"collection":[{"href":"https:\/\/eskuvosiofok.hu\/de\/wp-json\/wp\/v2\/pages"}],"about":[{"href":"https:\/\/eskuvosiofok.hu\/de\/wp-json\/wp\/v2\/types\/page"}],"author":[{"embeddable":true,"href":"https:\/\/eskuvosiofok.hu\/de\/wp-json\/wp\/v2\/users\/1"}],"replies":[{"embeddable":true,"href":"https:\/\/eskuvosiofok.hu\/de\/wp-json\/wp\/v2\/comments?post=38"}],"version-history":[{"count":27,"href":"https:\/\/eskuvosiofok.hu\/de\/wp-json\/wp\/v2\/pages\/38\/revisions"}],"predecessor-version":[{"id":930,"href":"https:\/\/eskuvosiofok.hu\/de\/wp-json\/wp\/v2\/pages\/38\/revisions\/930"}],"wp:attachment":[{"href":"https:\/\/eskuvosiofok.hu\/de\/wp-json\/wp\/v2\/media?parent=38"}],"curies":[{"name":"wp","href":"https:\/\/api.w.org\/{rel}","templated":true}]}}