{"id":26,"date":"2015-02-03T20:20:27","date_gmt":"2015-02-03T20:20:27","guid":{"rendered":"http:\/\/eskuvosiofok.hu\/?page_id=26"},"modified":"2019-11-20T15:41:47","modified_gmt":"2019-11-20T15:41:47","slug":"arak","status":"publish","type":"page","link":"https:\/\/eskuvosiofok.hu\/de\/preise\/","title":{"rendered":"Preise"},"content":{"rendered":"<p>Zwar habe ich Provision, aber zahlreiche von meinen Partnern bieten eine bestimmte Verg\u00fcnstigung, so scheint mein Arbeitslohn f\u00fcr euch gering zu sein.<\/p>\n<p>Die Preise werden individuell bestimmt, weil er von vielen Faktoren abh\u00e4ngt: z.B.: die Art der Hochzeit, dazu kommen noch der Termin, die Anzahl der G\u00e4ste.<\/p>\n<p>Per E-Mail wird nur ein umfassendes Angebot geschickt.Es ist n\u00f6tig, bei einer Tasse Kaffee zu treffen, um den genauen Betrag festgelegt werden zu k\u00f6nnen.Wir messen eure Bed\u00fcrfnisse auf und fertigen ein festes angebot h\u00f6chstens innerhalb von f\u00fcnf Tagen, danach w\u00e4hlen wir aus meinen Referenzmaterialen die am besten passenden Anbieter f\u00fcr euch.Die Geb\u00fchr von dieser betr\u00e4gt HUF 5.000,-,die von der Endsumme abgerechnet wird, falls ihr uns mit totalen Organisation der Hochzeit beauftragen.<\/p>\n<p>Falls mein Angebot euch gefallen hat, k\u00f6nnen wir einen Auftragsvertrag abschlie\u00dfen und die Arbeit kann schon beginnen.<\/p>\n<p>Die Voranzahlung betr\u00e4gt 40 % der ganzen Kosten, die \u00fcbrigbleibende Summe muss eine Woche vor der Hochzeit bezahlt werden.<\/p>\n<h2>Die komplette Abwicklung der Hochzeit<\/h2>\n<p>Unbegrenzte Menge der Angebote,m\u00f6gliche Schaupl\u00e4tze f\u00fcr die Hochzeit zusammen aufsuchen,Vertragsabschlie\u00dfung mit den Anbietern,unbeschr\u00e4nkte Menge von Telefonaten und E-Mails,Organisation vom Tag der Vertragsabschlie\u00dfung an bis zum Tag der Hochzeit, kreative Ideen,Abwicklung, umfassende Beratung,finanzielle Abrechnungen mit den Anbietern,Zusammenstellung des Drehbuches<\/p>\n<p><em>Geb\u00fchr: indivell bestimmt, von den Bed\u00fcrfnissen abh\u00e4ngig<\/em><\/p>\n<h2>Partiale Organisation<\/h2>\n<p>Hast du schon ein paar Sachen dabei oder brauchst du noch nur 1-2 Anbieter?Hast du keine Ahnung, wer deine Brautschminke und deine Frisur machen soll?Wir helfen dir.<\/p>\n<p><em>Geb\u00fchr: individuell bestimmt, von den Bed\u00fcrfnissen abh\u00e4ngig<\/em><\/p>\n<h2>Beratung<\/h2>\n<p>M\u00f6chtest du alles allein abwickeln? Bist du dir aber nicht sicher, wie ein paar Angelegenheiten abgewickelt werden m\u00fcssen?Hast du keine Ahnung, wie du damit anfangen sollst?Bist du in deiner Entscheidung unsicher?Brauchtest du ein Drehbuch?Wir helfen dir.<\/p>\n<p><em>Geb\u00fchr: HUF 6.000,- ( maximal 1,5 Stunden)<\/em><\/p>\n<h2>Aufsicht<\/h2>\n<p>Seid ihr mit alles fertig?M\u00f6chtet ihr jemanden, der an eurem Hochzeitstag auf alle Einzelheiten achtet, aus dem Hintergrund die Ereignisse koordiniert, damit alles so gelingt, wie ihr geplant habt?<\/p>\n<p><em>Geb\u00fchr: HUF 5.000,-\/Stunde ( maximal 10 Stunden)<\/em><\/p>\n<p>&nbsp;<\/p>","protected":false},"excerpt":{"rendered":"<p>Zwar habe ich Provision, aber zahlreiche von meinen Partnern bieten eine bestimmte Verg\u00fcnstigung, so scheint mein Arbeitslohn f\u00fcr euch gering zu sein. Die Preise werden individuell bestimmt, weil er von vielen Faktoren abh\u00e4ngt: z.B.: die Art der Hochzeit, dazu kommen noch der Termin, die Anzahl der G\u00e4ste. Per E-Mail wird nur ein umfassendes Angebot geschickt.Es [&hellip;]<\/p>\n","protected":false},"author":1,"featured_media":0,"parent":0,"menu_order":0,"comment_status":"open","ping_status":"open","template":"page-sidebar.php","meta":[],"yoast_head":"<!-- This site is optimized with the Yoast SEO plugin v15.9.1 - https:\/\/yoast.com\/wordpress\/plugins\/seo\/ -->\n<meta name=\"robots\" content=\"index, follow, max-snippet:-1, max-image-preview:large, max-video-preview:-1\" \/>\n<link rel=\"canonical\" href=\"https:\/\/eskuvosiofok.hu\/en\/prices\/\" \/>\n<meta property=\"og:locale\" content=\"de_DE\" \/>\n<meta property=\"og:type\" content=\"article\" \/>\n<meta property=\"og:title\" content=\"Preise - Si\u00f3fok Hochzeits- und Veranstaltungsorganisation\" \/>\n<meta property=\"og:description\" content=\"Zwar habe ich Provision, aber zahlreiche von meinen Partnern bieten eine bestimmte Verg\u00fcnstigung, so scheint mein Arbeitslohn f\u00fcr euch gering zu sein. Die Preise werden individuell bestimmt, weil er von vielen Faktoren abh\u00e4ngt: z.B.: die Art der Hochzeit, dazu kommen noch der Termin, die Anzahl der G\u00e4ste. Per E-Mail wird nur ein umfassendes Angebot geschickt.Es [&hellip;]\" \/>\n<meta property=\"og:url\" content=\"https:\/\/eskuvosiofok.hu\/en\/prices\/\" \/>\n<meta property=\"og:site_name\" content=\"Si\u00f3fok Hochzeits- und Veranstaltungsorganisation\" \/>\n<meta property=\"article:modified_time\" content=\"2019-11-20T15:41:47+00:00\" \/>\n<meta name=\"twitter:card\" content=\"summary_large_image\" \/>\n<meta name=\"twitter:label1\" content=\"Gesch\u00e4tzte Lesezeit\">\n\t<meta name=\"twitter:data1\" content=\"5\u00a0Minuten\">\n<script type=\"application\/ld+json\" class=\"yoast-schema-graph\">{\"@context\":\"https:\/\/schema.org\",\"@graph\":[{\"@type\":\"WebSite\",\"@id\":\"https:\/\/eskuvosiofok.hu\/en\/#website\",\"url\":\"https:\/\/eskuvosiofok.hu\/en\/\",\"name\":\"Si\\u00f3fok Hochzeits- und Veranstaltungsorganisation\",\"description\":\"\",\"potentialAction\":[{\"@type\":\"SearchAction\",\"target\":\"https:\/\/eskuvosiofok.hu\/en\/?s={search_term_string}\",\"query-input\":\"required name=search_term_string\"}],\"inLanguage\":\"de\"},{\"@type\":\"WebPage\",\"@id\":\"https:\/\/eskuvosiofok.hu\/en\/prices\/#webpage\",\"url\":\"https:\/\/eskuvosiofok.hu\/en\/prices\/\",\"name\":\"Preise - Si\\u00f3fok Hochzeits- und Veranstaltungsorganisation\",\"isPartOf\":{\"@id\":\"https:\/\/eskuvosiofok.hu\/en\/#website\"},\"datePublished\":\"2015-02-03T20:20:27+00:00\",\"dateModified\":\"2019-11-20T15:41:47+00:00\",\"breadcrumb\":{\"@id\":\"https:\/\/eskuvosiofok.hu\/en\/prices\/#breadcrumb\"},\"inLanguage\":\"de\",\"potentialAction\":[{\"@type\":\"ReadAction\",\"target\":[\"https:\/\/eskuvosiofok.hu\/en\/prices\/\"]}]},{\"@type\":\"BreadcrumbList\",\"@id\":\"https:\/\/eskuvosiofok.hu\/en\/prices\/#breadcrumb\",\"itemListElement\":[{\"@type\":\"ListItem\",\"position\":1,\"item\":{\"@type\":\"WebPage\",\"@id\":\"https:\/\/eskuvosiofok.hu\/\",\"url\":\"https:\/\/eskuvosiofok.hu\/\",\"name\":\"Home\"}},{\"@type\":\"ListItem\",\"position\":2,\"item\":{\"@type\":\"WebPage\",\"@id\":\"https:\/\/eskuvosiofok.hu\/en\/prices\/\",\"url\":\"https:\/\/eskuvosiofok.hu\/en\/prices\/\",\"name\":\"Prices\"}}]}]}<\/script>\n<!-- \/ Yoast SEO plugin. -->","_links":{"self":[{"href":"https:\/\/eskuvosiofok.hu\/de\/wp-json\/wp\/v2\/pages\/26"}],"collection":[{"href":"https:\/\/eskuvosiofok.hu\/de\/wp-json\/wp\/v2\/pages"}],"about":[{"href":"https:\/\/eskuvosiofok.hu\/de\/wp-json\/wp\/v2\/types\/page"}],"author":[{"embeddable":true,"href":"https:\/\/eskuvosiofok.hu\/de\/wp-json\/wp\/v2\/users\/1"}],"replies":[{"embeddable":true,"href":"https:\/\/eskuvosiofok.hu\/de\/wp-json\/wp\/v2\/comments?post=26"}],"version-history":[{"count":13,"href":"https:\/\/eskuvosiofok.hu\/de\/wp-json\/wp\/v2\/pages\/26\/revisions"}],"predecessor-version":[{"id":926,"href":"https:\/\/eskuvosiofok.hu\/de\/wp-json\/wp\/v2\/pages\/26\/revisions\/926"}],"wp:attachment":[{"href":"https:\/\/eskuvosiofok.hu\/de\/wp-json\/wp\/v2\/media?parent=26"}],"curies":[{"name":"wp","href":"https:\/\/api.w.org\/{rel}","templated":true}]}}